{"id":18774,"date":"2025-07-14T13:10:56","date_gmt":"2025-07-14T13:10:56","guid":{"rendered":"https:\/\/saraswatination.com\/dk\/?post_type=product&#038;p=18774"},"modified":"2025-07-14T13:33:32","modified_gmt":"2025-07-14T13:33:32","slug":"%f0%9f%92%bc-ai-i-studielivet-laer-at-mestre-vaerktoejerne-der-former-fremtiden","status":"publish","type":"product","link":"https:\/\/saraswatination.com\/dk\/shop\/%f0%9f%92%bc-ai-i-studielivet-laer-at-mestre-vaerktoejerne-der-former-fremtiden\/","title":{"rendered":"\ud83d\udcbc AI i studielivet \u2013 l\u00e6r at mestre v\u00e6rkt\u00f8jerne, der former fremtiden"},"content":{"rendered":"<p data-start=\"263\" data-end=\"325\"><strong data-start=\"263\" data-end=\"325\">Klogere l\u00e6ring. Ansvarlig brug. Kompetencer til fremtiden.<\/strong><\/p>\n<p data-start=\"327\" data-end=\"507\">I en tid hvor kunstig intelligens \u00e6ndrer m\u00e5den, vi l\u00e6rer og arbejder p\u00e5, giver dette kursus dig som studerende mulighed for at bruge AI <strong data-start=\"463\" data-end=\"506\">ansvarligt, effektivt og med selvtillid<\/strong>.<\/p>\n<p data-start=\"509\" data-end=\"566\">Med <strong data-start=\"513\" data-end=\"553\">50 korte og letforst\u00e5elige lektioner<\/strong> l\u00e6rer du at:<\/p>\n<ul data-start=\"568\" data-end=\"908\">\n<li data-start=\"568\" data-end=\"619\">\n<p data-start=\"570\" data-end=\"619\">Nedbryde komplekse fagtekster til klare pointer<\/p>\n<\/li>\n<li data-start=\"620\" data-end=\"685\">\n<p data-start=\"622\" data-end=\"685\">Generere id\u00e9er og opbygge strukturer til opgaver og projekter<\/p>\n<\/li>\n<li data-start=\"686\" data-end=\"724\">\n<p data-start=\"688\" data-end=\"724\">Tage organiserede og s\u00f8gbare noter<\/p>\n<\/li>\n<li data-start=\"725\" data-end=\"777\">\n<p data-start=\"727\" data-end=\"777\">Studere mere effektivt med AI-baserede v\u00e6rkt\u00f8jer<\/p>\n<\/li>\n<li data-start=\"778\" data-end=\"845\">\n<p data-start=\"780\" data-end=\"845\">Arbejde med <strong data-start=\"792\" data-end=\"816\">akademisk integritet<\/strong> \u2013 uden plagiat og smutveje<\/p>\n<\/li>\n<li data-start=\"846\" data-end=\"908\">\n<p data-start=\"848\" data-end=\"908\">Mestre gratis v\u00e6rkt\u00f8jer som <strong data-start=\"876\" data-end=\"908\">ChatGPT, Notion AI og Gemini<\/strong><\/p>\n<\/li>\n<\/ul>\n<h3 data-start=\"915\" data-end=\"938\">Hvem er kurset til?<\/h3>\n<ul data-start=\"940\" data-end=\"1174\">\n<li data-start=\"940\" data-end=\"1013\">\n<p data-start=\"942\" data-end=\"1013\"><strong data-start=\"942\" data-end=\"967\">Studerende (19\u201327 \u00e5r)<\/strong> p\u00e5 alle former for videreg\u00e5ende uddannelser<\/p>\n<\/li>\n<li data-start=\"1014\" data-end=\"1088\">\n<p data-start=\"1016\" data-end=\"1088\"><strong data-start=\"1016\" data-end=\"1028\">For\u00e6ldre<\/strong>, der vil st\u00f8tte deres barns faglige og digitale udvikling<\/p>\n<\/li>\n<li data-start=\"1089\" data-end=\"1174\">\n<p data-start=\"1091\" data-end=\"1174\"><strong data-start=\"1091\" data-end=\"1106\">Undervisere<\/strong>, der \u00f8nsker at se deres studerende bruge AI ansvarligt og kompetent<\/p>\n<\/li>\n<\/ul>\n<h3 data-start=\"1181\" data-end=\"1204\">Hvorfor det virker:<\/h3>\n<ul data-start=\"1206\" data-end=\"1554\">\n<li data-start=\"1206\" data-end=\"1276\">\n<p data-start=\"1208\" data-end=\"1276\">\ud83c\udfaf <strong data-start=\"1211\" data-end=\"1242\">Lektioner p\u00e5 kun 5 minutter<\/strong> \u2013 nemt at passe ind i hverdagen<\/p>\n<\/li>\n<li data-start=\"1277\" data-end=\"1342\">\n<p data-start=\"1279\" data-end=\"1342\">\u2705 <strong data-start=\"1281\" data-end=\"1317\">Fokus p\u00e5 virkelige studieopgaver<\/strong> \u2013 ikke hurtige genveje<\/p>\n<\/li>\n<li data-start=\"1343\" data-end=\"1417\">\n<p data-start=\"1345\" data-end=\"1417\">\ud83d\udca1 <strong data-start=\"1348\" data-end=\"1381\">Opbygger digitale f\u00e6rdigheder<\/strong>, som arbejdsmarkedet eftersp\u00f8rger<\/p>\n<\/li>\n<li data-start=\"1418\" data-end=\"1493\">\n<p data-start=\"1420\" data-end=\"1493\">\ud83d\udcb5 <strong data-start=\"1423\" data-end=\"1450\">Kun \u00e9n betaling p\u00e5 DKK 995<\/strong> \u2013 livstidsadgang og l\u00f8bende opdateringer<\/p>\n<\/li>\n<li data-start=\"1494\" data-end=\"1554\">\n<p data-start=\"1496\" data-end=\"1554\">\ud83c\udf10 <strong data-start=\"1499\" data-end=\"1554\">100% baseret p\u00e5 gratis og tilg\u00e6ngelige AI-v\u00e6rkt\u00f8jer<\/strong><\/p>\n<\/li>\n<\/ul>\n<p data-start=\"1561\" data-end=\"1722\">\ud83d\udcd8 Uanset om du <strong data-start=\"1577\" data-end=\"1619\">studerer, underviser eller er for\u00e6lder<\/strong>, giver dette kursus en praktisk vej til smartere og mere selvsikker l\u00e6ring i en AI-drevet virkelighed.<\/p>\n<p data-start=\"1724\" data-end=\"1865\" data-is-last-node=\"\" data-is-only-node=\"\">\ud83d\udc49 Klar til at dykke ned i mulighederne?<\/p>\n<p data-start=\"1724\" data-end=\"1865\" data-is-last-node=\"\" data-is-only-node=\"\">L\u00e6s den fulde version m\u00e5lrettet <strong data-start=\"1799\" data-end=\"1841\">studerende, for\u00e6ldre eller undervisere<\/strong> \u2013 alt efter hvem du er.<\/p>\n","protected":false},"excerpt":{"rendered":"<p>Klogere l\u00e6ring. Ansvarlig brug. Kompetencer til fremtiden. I en tid hvor kunstig intelligens \u00e6ndrer m\u00e5den, vi l\u00e6rer og arbejder p\u00e5, giver dette kursus dig som studerende mulighed for at bruge AI ansvarligt, effektivt og med selvtillid. Med 50 korte og &hellip; <\/p>\n","protected":false},"featured_media":18776,"comment_status":"closed","ping_status":"closed","template":"","meta":[],"product_brand":[],"product_cat":[15],"product_tag":[],"class_list":{"0":"post-18774","1":"product","2":"type-product","3":"status-publish","4":"has-post-thumbnail","6":"product_cat-uncategorized","8":"first","9":"instock","10":"taxable","11":"shipping-taxable","12":"purchasable","13":"product-type-simple"},"_links":{"self":[{"href":"https:\/\/saraswatination.com\/dk\/wp-json\/wp\/v2\/product\/18774","targetHints":{"allow":["GET"]}}],"collection":[{"href":"https:\/\/saraswatination.com\/dk\/wp-json\/wp\/v2\/product"}],"about":[{"href":"https:\/\/saraswatination.com\/dk\/wp-json\/wp\/v2\/types\/product"}],"replies":[{"embeddable":true,"href":"https:\/\/saraswatination.com\/dk\/wp-json\/wp\/v2\/comments?post=18774"}],"wp:featuredmedia":[{"embeddable":true,"href":"https:\/\/saraswatination.com\/dk\/wp-json\/wp\/v2\/media\/18776"}],"wp:attachment":[{"href":"https:\/\/saraswatination.com\/dk\/wp-json\/wp\/v2\/media?parent=18774"}],"wp:term":[{"taxonomy":"product_brand","embeddable":true,"href":"https:\/\/saraswatination.com\/dk\/wp-json\/wp\/v2\/product_brand?post=18774"},{"taxonomy":"product_cat","embeddable":true,"href":"https:\/\/saraswatination.com\/dk\/wp-json\/wp\/v2\/product_cat?post=18774"},{"taxonomy":"product_tag","embeddable":true,"href":"https:\/\/saraswatination.com\/dk\/wp-json\/wp\/v2\/product_tag?post=18774"}],"curies":[{"name":"wp","href":"https:\/\/api.w.org\/{rel}","templated":true}]}}