{"id":18771,"date":"2025-07-13T20:29:55","date_gmt":"2025-07-13T20:29:55","guid":{"rendered":"https:\/\/saraswatination.com\/dk\/?post_type=product&#038;p=18771"},"modified":"2025-07-13T20:58:24","modified_gmt":"2025-07-13T20:58:24","slug":"%f0%9f%9a%80-saadan-bruger-du-ai-som-gymnasieelev","status":"publish","type":"product","link":"https:\/\/saraswatination.com\/dk\/shop\/%f0%9f%9a%80-saadan-bruger-du-ai-som-gymnasieelev\/","title":{"rendered":"\ud83d\ude80 S\u00e5dan bruger du AI som gymnasieelev"},"content":{"rendered":"<p data-start=\"227\" data-end=\"332\"><strong data-start=\"227\" data-end=\"332\">50 korte lektioner der g\u00f8r AI til din smarteste akademiske fordel \u2013 uden genveje, kun smartere l\u00e6ring<\/strong><\/p>\n<h3 data-start=\"334\" data-end=\"365\">Hvorfor v\u00e6lge dette kursus?<\/h3>\n<p data-start=\"367\" data-end=\"593\">Uanset om du er <strong data-start=\"383\" data-end=\"399\">gymnasieelev<\/strong>, der jonglerer med afleveringer og deadlines, en <strong data-start=\"449\" data-end=\"461\">for\u00e6lder<\/strong>, der vil st\u00f8tte dit barns succes, eller en <strong data-start=\"505\" data-end=\"514\">l\u00e6rer<\/strong>, der vil kl\u00e6de eleverne p\u00e5 til en fremtid med AI \u2013 s\u00e5 er dette kursus for dig.<\/p>\n<p data-start=\"595\" data-end=\"828\"><em data-start=\"595\" data-end=\"634\">\u201cS\u00e5dan bruger du AI som gymnasieelev\u201d<\/em> er et selvst\u00e6ndigt onlinekursus med <strong data-start=\"671\" data-end=\"706\">50 korte, engagerende lektioner<\/strong>, der l\u00e6rer dig at bruge v\u00e6rkt\u00f8jer som <strong data-start=\"745\" data-end=\"777\">ChatGPT, Notion AI og Gemini<\/strong> til at <strong data-start=\"785\" data-end=\"827\">underst\u00f8tte l\u00e6ring \u2013 ikke erstatte den<\/strong>.<\/p>\n<h3 data-start=\"835\" data-end=\"873\">Hvad du (eller din elev) vil l\u00e6re:<\/h3>\n<ul data-start=\"875\" data-end=\"1343\">\n<li data-start=\"875\" data-end=\"958\">\n<p data-start=\"877\" data-end=\"958\">Hvordan du kommer videre med lektier ved hj\u00e6lp af AI-guidet trin-for-trin-hj\u00e6lp<\/p>\n<\/li>\n<li data-start=\"959\" data-end=\"1050\">\n<p data-start=\"961\" data-end=\"1050\">Hvordan du kan <strong data-start=\"976\" data-end=\"1005\">sammenfatte sv\u00e6re tekster<\/strong> p\u00e5 f\u00e5 minutter \u2013 uden at miste det vigtige<\/p>\n<\/li>\n<li data-start=\"1051\" data-end=\"1163\">\n<p data-start=\"1053\" data-end=\"1163\">Hvordan du <strong data-start=\"1064\" data-end=\"1085\">organiserer noter<\/strong>, bygger overskuelige studieguides og planl\u00e6gger din tid som en professionel<\/p>\n<\/li>\n<li data-start=\"1164\" data-end=\"1258\">\n<p data-start=\"1166\" data-end=\"1258\">Hvordan du bruger AI <strong data-start=\"1187\" data-end=\"1210\">etisk og ansvarligt<\/strong> \u2013 med fokus p\u00e5 originalitet og kildeangivelse<\/p>\n<\/li>\n<li data-start=\"1259\" data-end=\"1343\">\n<p data-start=\"1261\" data-end=\"1343\">Hvordan du f\u00e5r mest muligt ud af <strong data-start=\"1294\" data-end=\"1317\">gratis AI-v\u00e6rkt\u00f8jer<\/strong> \u2013 ingen abonnement kr\u00e6vet<\/p>\n<\/li>\n<\/ul>\n<h3 data-start=\"1350\" data-end=\"1373\">Hvorfor det virker:<\/h3>\n<ul data-start=\"1375\" data-end=\"1770\">\n<li data-start=\"1375\" data-end=\"1445\">\n<p data-start=\"1377\" data-end=\"1445\">\u23f1\ufe0f <strong data-start=\"1380\" data-end=\"1407\">Hurtigt og overskueligt<\/strong> \u2013 hver lektion tager kun 5 minutter<\/p>\n<\/li>\n<li data-start=\"1446\" data-end=\"1529\">\n<p data-start=\"1448\" data-end=\"1529\">\ud83c\udf93 <strong data-start=\"1451\" data-end=\"1481\">Virkelighedsn\u00e6re eksempler<\/strong> \u2013 bygget p\u00e5 situationer, elever faktisk m\u00f8der<\/p>\n<\/li>\n<li data-start=\"1530\" data-end=\"1564\">\n<p data-start=\"1532\" data-end=\"1564\">\ud83d\udcda <strong data-start=\"1535\" data-end=\"1562\">Ingen fyld \u2013 kun l\u00e6ring<\/strong><\/p>\n<\/li>\n<li data-start=\"1565\" data-end=\"1645\">\n<p data-start=\"1567\" data-end=\"1645\">\ud83d\udcb0 <strong data-start=\"1570\" data-end=\"1600\">Engangsbetaling p\u00e5 149 USD<\/strong> \u2013 livstidsadgang uden skjulte omkostninger<\/p>\n<\/li>\n<li data-start=\"1646\" data-end=\"1770\">\n<p data-start=\"1648\" data-end=\"1770\">\ud83d\ude80 <strong data-start=\"1651\" data-end=\"1669\">Fremtidssikret<\/strong> \u2013 udvikler AI-forst\u00e5else, kritisk t\u00e6nkning og digitale kompetencer, som styrker ans\u00f8gninger og CV\u2019er<\/p>\n<\/li>\n<\/ul>\n<h3 data-start=\"1777\" data-end=\"1800\">Hvem er kurset til?<\/h3>\n<ul data-start=\"1802\" data-end=\"2050\">\n<li data-start=\"1802\" data-end=\"1866\">\n<p data-start=\"1804\" data-end=\"1866\"><strong data-start=\"1804\" data-end=\"1814\">Elever<\/strong>, der \u00f8nsker bedre karakterer og st\u00f8rre selvtillid<\/p>\n<\/li>\n<li data-start=\"1867\" data-end=\"1966\">\n<p data-start=\"1869\" data-end=\"1966\"><strong data-start=\"1869\" data-end=\"1881\">For\u00e6ldre<\/strong>, der vil give deres barn redskaber til at lykkes \u2013 p\u00e5 en etisk og selvst\u00e6ndig m\u00e5de<\/p>\n<\/li>\n<li data-start=\"1967\" data-end=\"2050\">\n<p data-start=\"1969\" data-end=\"2050\"><strong data-start=\"1969\" data-end=\"1979\">L\u00e6rere<\/strong>, der vil sikre, at eleverne bruger AI med omtanke \u2013 og ikke som krykke<\/p>\n<\/li>\n<\/ul>\n<h3 data-start=\"2057\" data-end=\"2115\">\ud83c\udfaf Klar til at komme i gang? V\u00e6lg den rigtige indgang:<\/h3>\n<p data-start=\"2117\" data-end=\"2354\">\ud83d\udc49 <strong data-start=\"2120\" data-end=\"2134\">Til elever<\/strong> \u2013 L\u00e6r hvordan du kan forbedre dine karakterer med AI<br data-start=\"2187\" data-end=\"2190\" \/>\ud83d\udc49 <strong data-start=\"2193\" data-end=\"2209\">Til for\u00e6ldre<\/strong> \u2013 Se hvordan kurset kan st\u00f8tte dit barns l\u00e6ring og udvikling<br data-start=\"2270\" data-end=\"2273\" \/>\ud83d\udc49 <strong data-start=\"2276\" data-end=\"2290\">Til l\u00e6rere<\/strong> \u2013 Find ud af, hvordan AI-l\u00e6ring kan integreres i undervisningen<\/p>\n","protected":false},"excerpt":{"rendered":"<p>50 korte lektioner der g\u00f8r AI til din smarteste akademiske fordel \u2013 uden genveje, kun smartere l\u00e6ring Hvorfor v\u00e6lge dette kursus? Uanset om du er gymnasieelev, der jonglerer med afleveringer og deadlines, en for\u00e6lder, der vil st\u00f8tte dit barns succes, &hellip; <\/p>\n","protected":false},"featured_media":18772,"comment_status":"closed","ping_status":"closed","template":"","meta":[],"product_brand":[],"product_cat":[15],"product_tag":[],"class_list":{"0":"post-18771","1":"product","2":"type-product","3":"status-publish","4":"has-post-thumbnail","6":"product_cat-uncategorized","8":"first","9":"instock","10":"taxable","11":"shipping-taxable","12":"purchasable","13":"product-type-simple"},"_links":{"self":[{"href":"https:\/\/saraswatination.com\/dk\/wp-json\/wp\/v2\/product\/18771","targetHints":{"allow":["GET"]}}],"collection":[{"href":"https:\/\/saraswatination.com\/dk\/wp-json\/wp\/v2\/product"}],"about":[{"href":"https:\/\/saraswatination.com\/dk\/wp-json\/wp\/v2\/types\/product"}],"replies":[{"embeddable":true,"href":"https:\/\/saraswatination.com\/dk\/wp-json\/wp\/v2\/comments?post=18771"}],"wp:featuredmedia":[{"embeddable":true,"href":"https:\/\/saraswatination.com\/dk\/wp-json\/wp\/v2\/media\/18772"}],"wp:attachment":[{"href":"https:\/\/saraswatination.com\/dk\/wp-json\/wp\/v2\/media?parent=18771"}],"wp:term":[{"taxonomy":"product_brand","embeddable":true,"href":"https:\/\/saraswatination.com\/dk\/wp-json\/wp\/v2\/product_brand?post=18771"},{"taxonomy":"product_cat","embeddable":true,"href":"https:\/\/saraswatination.com\/dk\/wp-json\/wp\/v2\/product_cat?post=18771"},{"taxonomy":"product_tag","embeddable":true,"href":"https:\/\/saraswatination.com\/dk\/wp-json\/wp\/v2\/product_tag?post=18771"}],"curies":[{"name":"wp","href":"https:\/\/api.w.org\/{rel}","templated":true}]}}