{"id":18768,"date":"2025-07-13T19:58:19","date_gmt":"2025-07-13T19:58:19","guid":{"rendered":"https:\/\/saraswatination.com\/dk\/?post_type=product&#038;p=18768"},"modified":"2025-07-13T20:18:07","modified_gmt":"2025-07-13T20:18:07","slug":"saadan-bruger-den-smarte-skoleelev-ai","status":"publish","type":"product","link":"https:\/\/saraswatination.com\/dk\/shop\/saadan-bruger-den-smarte-skoleelev-ai\/","title":{"rendered":"S\u00e5dan bruger den smarte skoleelev AI"},"content":{"rendered":"<h3 data-start=\"267\" data-end=\"317\">\u00c9t kursus. \u00c9n unfair fordel.<\/h3>\n<p data-start=\"319\" data-end=\"472\">AI er kommet for at blive \u2013 og det \u00e6ndrer m\u00e5den, vi l\u00e6rer p\u00e5. Men hvordan bruger man kunstig intelligens som elev, uden at snyde eller miste forst\u00e5elsen?<\/p>\n<p data-start=\"474\" data-end=\"770\"><strong data-start=\"474\" data-end=\"512\">\u201cS\u00e5dan bruger du AI som skoleelev\u201d<\/strong> er et onlinekursus med <strong data-start=\"536\" data-end=\"581\">50 korte, sjove og overskuelige lektioner<\/strong>, der viser, hvordan elever i grundskolens \u00e6ldste klasser og ungdomsuddannelser kan bruge AI til at forst\u00e5, strukturere, planl\u00e6gge og l\u00e6re smartere \u2013 ikke n\u00f8dvendigvis hurtigere, men bedre.<\/p>\n<p data-start=\"772\" data-end=\"1002\">Kurset introducerer nogle af de mest popul\u00e6re og gratis AI-v\u00e6rkt\u00f8jer, som f.eks. ChatGPT, Notion AI og Gemini, og l\u00e6rer eleverne, hvordan de kan bruges til alt fra lektiehj\u00e6lp og notetagning til testforberedelse og projektarbejde.<\/p>\n<p data-start=\"1004\" data-end=\"1171\">Fokus er ikke p\u00e5 snyd \u2013 tv\u00e6rtimod. Kurset l\u00e6rer eleverne at stille de rigtige sp\u00f8rgsm\u00e5l, t\u00e6nke kritisk, bruge AI med omtanke og blive mere selvst\u00e6ndige i deres l\u00e6ring.<\/p>\n<h3 data-start=\"1178\" data-end=\"1201\">Hvem er kurset til?<\/h3>\n<ul data-start=\"1203\" data-end=\"1427\">\n<li data-start=\"1203\" data-end=\"1278\">\n<p data-start=\"1205\" data-end=\"1278\"><strong data-start=\"1205\" data-end=\"1215\">Elever<\/strong>, der vil l\u00e6re smartere, f\u00e5 bedre karakterer og mindre stress<\/p>\n<\/li>\n<li data-start=\"1279\" data-end=\"1357\">\n<p data-start=\"1281\" data-end=\"1357\"><strong data-start=\"1281\" data-end=\"1293\">For\u00e6ldre<\/strong>, der \u00f8nsker at st\u00f8tte deres barn i en teknologisk skoleverden<\/p>\n<\/li>\n<li data-start=\"1358\" data-end=\"1427\">\n<p data-start=\"1360\" data-end=\"1427\"><strong data-start=\"1360\" data-end=\"1370\">L\u00e6rere<\/strong>, der vil give deres elever sunde og etiske AI-strategier<\/p>\n<\/li>\n<\/ul>\n<h3 data-start=\"1434\" data-end=\"1503\">Pris: Kun 995,- \u2013 inkl. livslang adgang og fremtidige opdateringer<\/h3>\n<blockquote data-start=\"1505\" data-end=\"1616\">\n<p data-start=\"1507\" data-end=\"1616\">\ud83c\udfaf <strong data-start=\"1510\" data-end=\"1545\">L\u00e6s mere ud fra dit perspektiv:<\/strong><\/p>\n<\/blockquote>\n","protected":false},"excerpt":{"rendered":"<p>\u00c9t kursus. \u00c9n unfair fordel. AI er kommet for at blive \u2013 og det \u00e6ndrer m\u00e5den, vi l\u00e6rer p\u00e5. Men hvordan bruger man kunstig intelligens som elev, uden at snyde eller miste forst\u00e5elsen? \u201cS\u00e5dan bruger du AI som skoleelev\u201d er &hellip; <\/p>\n","protected":false},"featured_media":18769,"comment_status":"closed","ping_status":"closed","template":"","meta":[],"product_brand":[],"product_cat":[15],"product_tag":[],"class_list":{"0":"post-18768","1":"product","2":"type-product","3":"status-publish","4":"has-post-thumbnail","6":"product_cat-uncategorized","8":"first","9":"instock","10":"virtual","11":"taxable","12":"purchasable","13":"product-type-simple"},"_links":{"self":[{"href":"https:\/\/saraswatination.com\/dk\/wp-json\/wp\/v2\/product\/18768","targetHints":{"allow":["GET"]}}],"collection":[{"href":"https:\/\/saraswatination.com\/dk\/wp-json\/wp\/v2\/product"}],"about":[{"href":"https:\/\/saraswatination.com\/dk\/wp-json\/wp\/v2\/types\/product"}],"replies":[{"embeddable":true,"href":"https:\/\/saraswatination.com\/dk\/wp-json\/wp\/v2\/comments?post=18768"}],"wp:featuredmedia":[{"embeddable":true,"href":"https:\/\/saraswatination.com\/dk\/wp-json\/wp\/v2\/media\/18769"}],"wp:attachment":[{"href":"https:\/\/saraswatination.com\/dk\/wp-json\/wp\/v2\/media?parent=18768"}],"wp:term":[{"taxonomy":"product_brand","embeddable":true,"href":"https:\/\/saraswatination.com\/dk\/wp-json\/wp\/v2\/product_brand?post=18768"},{"taxonomy":"product_cat","embeddable":true,"href":"https:\/\/saraswatination.com\/dk\/wp-json\/wp\/v2\/product_cat?post=18768"},{"taxonomy":"product_tag","embeddable":true,"href":"https:\/\/saraswatination.com\/dk\/wp-json\/wp\/v2\/product_tag?post=18768"}],"curies":[{"name":"wp","href":"https:\/\/api.w.org\/{rel}","templated":true}]}}