{"id":18858,"date":"2025-09-14T18:07:38","date_gmt":"2025-09-14T18:07:38","guid":{"rendered":"https:\/\/saraswatination.com\/dk\/?page_id=18858"},"modified":"2025-09-14T18:12:46","modified_gmt":"2025-09-14T18:12:46","slug":"bliv-partner-med-saraswati-nation-bliv-influencer-for-smartere-laering","status":"publish","type":"page","link":"https:\/\/saraswatination.com\/dk\/bliv-partner-med-saraswati-nation-bliv-influencer-for-smartere-laering\/","title":{"rendered":"Bliv partner med Saraswati Nation \u2013 bliv influencer for smartere l\u00e6ring"},"content":{"rendered":"\t\t<div data-elementor-type=\"wp-page\" data-elementor-id=\"18858\" class=\"elementor elementor-18858\">\n\t\t\t\t<div class=\"elementor-element elementor-element-4fde18f5 e-flex e-con-boxed e-con e-parent\" data-id=\"4fde18f5\" data-element_type=\"container\">\n\t\t\t\t\t<div class=\"e-con-inner\">\n\t\t\t\t<div class=\"elementor-element elementor-element-3bce69f0 elementor-widget elementor-widget-text-editor\" data-id=\"3bce69f0\" data-element_type=\"widget\" data-widget_type=\"text-editor.default\">\n\t\t\t\t<div class=\"elementor-widget-container\">\n\t\t\t\t\t\t\t\t\t\n<p>Hos <strong>Saraswati Nation<\/strong> tror vi p\u00e5, at uddannelse kan \u00e6ndre liv. Vores mission er at hj\u00e6lpe <strong>studerende og for\u00e6ldre<\/strong> med at opn\u00e5 bedre resultater gennem <strong>personlig en-til-en undervisning<\/strong> og <strong>fleksible selvstudiekurser<\/strong>.<\/p>\n\n<p>Nu inviterer vi <strong>influencere<\/strong>, der deler vores passion for l\u00e6ring og udvikling, til at blive en del af missionen.<\/p>\n<p>\u00a0<\/p>\n\t\t\t\t\t\t\t\t<\/div>\n\t\t\t\t<\/div>\n\t\t\t\t\t<\/div>\n\t\t\t\t<\/div>\n\t\t<div class=\"elementor-element elementor-element-28b23e7 e-flex e-con-boxed e-con e-parent\" data-id=\"28b23e7\" data-element_type=\"container\">\n\t\t\t\t\t<div class=\"e-con-inner\">\n\t\t\t\t<div class=\"elementor-element elementor-element-793e4ea elementor-widget elementor-widget-image\" data-id=\"793e4ea\" data-element_type=\"widget\" data-widget_type=\"image.default\">\n\t\t\t\t<div class=\"elementor-widget-container\">\n\t\t\t\t\t\t\t\t\t\t\t\t\t\t\t<img fetchpriority=\"high\" decoding=\"async\" width=\"640\" height=\"640\" src=\"https:\/\/saraswatination.com\/dk\/wp-content\/uploads\/sites\/2\/2025\/09\/partner-with-saraswati-nation-influencer-collaboration.png\" class=\"attachment-large size-large wp-image-18859\" alt=\"\" srcset=\"https:\/\/saraswatination.com\/dk\/wp-content\/uploads\/sites\/2\/2025\/09\/partner-with-saraswati-nation-influencer-collaboration.png 1024w, https:\/\/saraswatination.com\/dk\/wp-content\/uploads\/sites\/2\/2025\/09\/partner-with-saraswati-nation-influencer-collaboration-300x300.png 300w, https:\/\/saraswatination.com\/dk\/wp-content\/uploads\/sites\/2\/2025\/09\/partner-with-saraswati-nation-influencer-collaboration-150x150.png 150w, https:\/\/saraswatination.com\/dk\/wp-content\/uploads\/sites\/2\/2025\/09\/partner-with-saraswati-nation-influencer-collaboration-768x768.png 768w, https:\/\/saraswatination.com\/dk\/wp-content\/uploads\/sites\/2\/2025\/09\/partner-with-saraswati-nation-influencer-collaboration-600x600.png 600w, https:\/\/saraswatination.com\/dk\/wp-content\/uploads\/sites\/2\/2025\/09\/partner-with-saraswati-nation-influencer-collaboration-100x100.png 100w\" sizes=\"(max-width: 640px) 100vw, 640px\" \/>\t\t\t\t\t\t\t\t\t\t\t\t\t\t\t<\/div>\n\t\t\t\t<\/div>\n\t\t\t\t\t<\/div>\n\t\t\t\t<\/div>\n\t\t<div class=\"elementor-element elementor-element-aca0dc2 e-flex e-con-boxed e-con e-parent\" data-id=\"aca0dc2\" data-element_type=\"container\">\n\t\t\t\t\t<div class=\"e-con-inner\">\n\t\t\t\t<div class=\"elementor-element elementor-element-4efe594 elementor-widget elementor-widget-text-editor\" data-id=\"4efe594\" data-element_type=\"widget\" data-widget_type=\"text-editor.default\">\n\t\t\t\t<div class=\"elementor-widget-container\">\n\t\t\t\t\t\t\t\t\t\n<h2 class=\"wp-block-heading\">Hvorfor samarbejde med Saraswati Nation?<\/h2>\n\n<p>Hver dag s\u00f8ger tusindvis af studerende og for\u00e6ldre efter m\u00e5der at <strong>forbedre karakterer, forberede sig til eksamen eller f\u00e5 adgang til videreg\u00e5ende uddannelser<\/strong>. Saraswati Nation tilbyder netop det \u2014 kurser af h\u00f8j kvalitet, der giver selvtillid, forbedrer karakterer og \u00e5bner nye muligheder.<\/p>\n\n<p>Som samarbejdspartner er du med til at promovere ydelser, der virkelig <strong>g\u00f8r en forskel i menneskers liv<\/strong>.<\/p>\n\n<h2 class=\"wp-block-heading\">Vores m\u00e5lgrupper<\/h2>\n\n<p>Vi fokuserer p\u00e5 to kernegrupper:<\/p>\n\n<ul class=\"wp-block-list\">\n<li><strong>For\u00e6ldre med b\u00f8rn i skolealderen<\/strong> \u2013 som \u00f8nsker at forbedre deres b\u00f8rns karakterer og give dem en st\u00e6rkere faglig base.<\/li>\n\n<li><strong>\u00c6ldre studerende<\/strong> \u2013 gymnasie-, universitets- og videreg\u00e5ende studerende, der vil forbedre karakterer, forberede sig til eksamen eller f\u00e5 adgang til videre uddannelse.<\/li>\n<\/ul>\n\n<p>Som influencer promoverer du l\u00f8sninger, der <strong>direkte l\u00f8ser reelle udfordringer<\/strong> for disse grupper.<\/p>\n\n<h2 class=\"wp-block-heading\">Hvad vi tilbyder<\/h2>\n\n<p>Saraswati Nation leverer en bred vifte af <strong>fleksible l\u00e6ringsl\u00f8sninger<\/strong>, herunder:<\/p>\n\n<ul class=\"wp-block-list\">\n<li><strong>En-til-en undervisning<\/strong> med erfarne l\u00e6rere<\/li>\n\n<li><strong>Selvstudiekurser online<\/strong> for dem, der vil l\u00e6re i eget tempo<\/li>\n\n<li><strong>AI-drevet l\u00e6ringsst\u00f8tte<\/strong>, der hj\u00e6lper studerende med at l\u00e6re smartere og hurtigere<\/li>\n<\/ul>\n\n<p>Dermed kan du promovere produkter, der er relevante for b\u00e5de <strong>travle for\u00e6ldre<\/strong> og <strong>ambiti\u00f8se studerende<\/strong>.<\/p>\n\n<h2 class=\"wp-block-heading\">Samarbejdsmodeller<\/h2>\n\n<p>Vi ved, at influencere arbejder forskelligt, derfor tilbyder vi to modeller:<\/p>\n\n<ul class=\"wp-block-list\">\n<li><strong>Pr. resultat<\/strong> \u2013 Tjen en provision for hvert lead eller salg, du genererer.<\/li>\n\n<li><strong>Fast honorar<\/strong> \u2013 F\u00e5 et aftalt bel\u00f8b for at pr\u00e6sentere vores kurser og tjenester.<\/li>\n<\/ul>\n\n<p>Fleksibiliteten giver dig mulighed for at v\u00e6lge den model, der passer bedst til din m\u00e5lgruppe og indholdsstil.<\/p>\n\n<h2 class=\"wp-block-heading\">Derfor vil du elske at arbejde med os<\/h2>\n\n<ul class=\"wp-block-list\">\n<li><strong>Trov\u00e6rdigt uddannelsesbrand<\/strong> \u2013 Saraswati Nation leverer undervisning af h\u00f8j kvalitet med dokumenterede resultater.<\/li>\n\n<li><strong>Engagerende indhold<\/strong> \u2013 Vi st\u00f8tter dig med billeder, tekster og kampagneid\u00e9er, der maksimerer din r\u00e6kkevidde.<\/li>\n\n<li><strong>\u00c6gte v\u00e6rdi<\/strong> \u2013 Du promoverer ikke bare et produkt; du er med til at hj\u00e6lpe studerende og familier til succes.<\/li>\n<\/ul>\n\n<h2 class=\"wp-block-heading\">Klar til at blive influencer for Saraswati Nation?<\/h2>\n\n<p>Hvis du br\u00e6nder for <strong>uddannelse, personlig udvikling og studiesucces<\/strong>, vil vi gerne samarbejde med dig.<\/p>\n\n<p>\ud83d\udc49 Udfyld vores <a href=\"https:\/\/saraswatination.com\/dk\/contact\/\"><strong>kontaktformular her<\/strong><\/a> og lad os sammen udforske mulighederne for et succesfuldt partnerskab.<\/p>\n\n<p>Lad os inspirere den n\u00e6ste generation af l\u00e6rende \u2014 og vokse sammen.<\/p>\n\t\t\t\t\t\t\t\t<\/div>\n\t\t\t\t<\/div>\n\t\t\t\t\t<\/div>\n\t\t\t\t<\/div>\n\t\t\t\t<\/div>\n\t\t","protected":false},"excerpt":{"rendered":"<p>Hos Saraswati Nation tror vi p\u00e5, at uddannelse kan \u00e6ndre liv. Vores mission er at hj\u00e6lpe studerende og for\u00e6ldre med at opn\u00e5 bedre resultater gennem personlig en-til-en undervisning og fleksible selvstudiekurser. Nu inviterer vi influencere, der deler vores passion for &hellip; <\/p>\n","protected":false},"author":1,"featured_media":18859,"parent":0,"menu_order":0,"comment_status":"closed","ping_status":"closed","template":"","meta":{"footnotes":""},"class_list":["post-18858","page","type-page","status-publish","has-post-thumbnail","hentry"],"_links":{"self":[{"href":"https:\/\/saraswatination.com\/dk\/wp-json\/wp\/v2\/pages\/18858","targetHints":{"allow":["GET"]}}],"collection":[{"href":"https:\/\/saraswatination.com\/dk\/wp-json\/wp\/v2\/pages"}],"about":[{"href":"https:\/\/saraswatination.com\/dk\/wp-json\/wp\/v2\/types\/page"}],"author":[{"embeddable":true,"href":"https:\/\/saraswatination.com\/dk\/wp-json\/wp\/v2\/users\/1"}],"replies":[{"embeddable":true,"href":"https:\/\/saraswatination.com\/dk\/wp-json\/wp\/v2\/comments?post=18858"}],"version-history":[{"count":4,"href":"https:\/\/saraswatination.com\/dk\/wp-json\/wp\/v2\/pages\/18858\/revisions"}],"predecessor-version":[{"id":18863,"href":"https:\/\/saraswatination.com\/dk\/wp-json\/wp\/v2\/pages\/18858\/revisions\/18863"}],"wp:featuredmedia":[{"embeddable":true,"href":"https:\/\/saraswatination.com\/dk\/wp-json\/wp\/v2\/media\/18859"}],"wp:attachment":[{"href":"https:\/\/saraswatination.com\/dk\/wp-json\/wp\/v2\/media?parent=18858"}],"curies":[{"name":"wp","href":"https:\/\/api.w.org\/{rel}","templated":true}]}}